{"id":21,"date":"2025-07-16T17:20:57","date_gmt":"2025-07-16T15:20:57","guid":{"rendered":"https:\/\/kontakt.wertsache-zukunft.de\/?page_id=21"},"modified":"2025-07-22T13:59:59","modified_gmt":"2025-07-22T11:59:59","slug":"home","status":"publish","type":"page","link":"https:\/\/kontakt.wertsache-zukunft.de\/","title":{"rendered":"Home"},"content":{"rendered":"<div class=\"wpb-content-wrapper\">[vc_row][vc_column][module_image_overlay image_ratio=&#8220;custom_21x9&#8243; overlay_order=&#8220;overlay-left&#8220; overlaycolor=&#8220;bright&#8220; spacebefore=&#8220;spacebefore-none&#8220; spaceafter=&#8220;spaceafter-none&#8220; indentbefore=&#8220;indentbefore-none&#8220; indentafter=&#8220;indentafter-none&#8220; bgcolor=&#8220;&#8220; module_effect=&#8220;effect-fadein&#8220; image=&#8220;24&#8243;]\r\n<h1><span class=\"font-weight-l font-size-xl\">Ihr zentraler Ansprechpartner f\u00fcr energetische Sanierung: Ihr regionaler Klimapartner<\/span><\/h1>\r\n[\/module_image_overlay][\/vc_column][\/vc_row][vc_row][vc_column][module_formsshortcode short_code=&#8220;`{`wpforms id=&#8222;68&#8222;`}`&#8220; form_width=&#8220;width-100&#8243; spacebefore=&#8220;spacebefore-xs&#8220; spaceafter=&#8220;spaceafter-xl&#8220; indentbefore=&#8220;indentbefore-xs&#8220; indentafter=&#8220;indentafter-xs&#8220; bgcolor=&#8220;bg-color-gray&#8220; module_effect=&#8220;effect-fadein&#8220; domid=&#8220;request&#8220;][\/vc_column][\/vc_row][vc_row][vc_column][module_freetext_image_basic column_order=&#8220;text-order-right&#8220; space_between_cols=&#8220;s&#8220; image_ratio=&#8220;custom_1x1&#8243; image_width=&#8220;s&#8220; image_tint=&#8220;&#8220; spacebefore=&#8220;spacebefore-2xl&#8220; spaceafter=&#8220;spaceafter-2xl&#8220; indentbefore=&#8220;indentbefore-xs&#8220; indentafter=&#8220;indentafter-xs&#8220; bgcolor=&#8220;&#8220; module_effect=&#8220;effect-fadein&#8220; image=&#8220;23&#8243; domid=&#8220;successstories&#8220;]\r\n<p class=\"paragraph\"><span class=\"font-weight-l\">\u201eSeit der Sanierung ist unser Zuhause kaum wiederzuerkennen. Die Temperaturen sind Sommer wie Winter angenehm, wir haben immer frische Luft \u2013 und trotzdem zahlen wir deutlich weniger Nebenkosten. Es ist aber vor allem auch ein gutes Gef\u00fchl, unseren Kindern das zu erhalten, was wir alle so lieben \u2013 unser Haus.\u201c<br class=\"linebreak\" \/><br class=\"linebreak\" \/><\/span><\/p>\r\n<p class=\"paragraph\">Familie Gerlach aus Breisach<\/p>\r\n[\/module_freetext_image_basic][\/vc_column][\/vc_row][vc_row][vc_column][module_free_text spacebefore=&#8220;spacebefore-2xl&#8220; spaceafter=&#8220;spaceafter-xl&#8220; indentbefore=&#8220;indentbefore-xs&#8220; indentafter=&#8220;indentafter-m&#8220; bgcolor=&#8220;bg-color-darkgray&#8220; moduleeffect=&#8220;effect-fadein&#8220; domid=&#8220;valuablefuture&#8220;]\r\n<h2><span class=\"font-size-2xl font-weight-l\">Energiesparrechner \u2013 Sanieren mit Weitblick: Einsparpotenziale und Amortisationsdauer auf Knopfdruck<\/span><\/h2>\r\n<p class=\"paragraph\">Rechnet sich energetisches Sanieren nicht nur f\u00fcr die Umwelt, sondern dank eingesparter Energiekosten auch finanziell f\u00fcr meine Immobilie? Welche Ma\u00dfnahmen versprechen den gr\u00f6\u00dften Nutzen? Wieviel staatliche F\u00f6rderung steht mir zur? Mit dem Sto Energiesparrechner finden Sie dies in nur 3 Minuten heraus.<\/p>\r\n<p class=\"paragraph\"><a class=\"button button--solid-brand \" href=\"https:\/\/www.wertsache-zukunft.de\/de\/wertsache-zukunft\/energieberatung\/energiesparrechner\/energiesparrechner.html\" target=\"_blank\" rel=\"noopener\" data-id=\"\">Jetzt berechnen<\/a><\/p>\r\n[\/module_free_text][\/vc_column][\/vc_row][vc_row][vc_column][module_freetext_image_basic column_order=&#8220;text-order-left&#8220; space_between_cols=&#8220;s&#8220; image_ratio=&#8220;custom_1x1&#8243; image_width=&#8220;s&#8220; image_tint=&#8220;&#8220; spacebefore=&#8220;spacebefore-2xl&#8220; spaceafter=&#8220;spaceafter-2xl&#8220; indentbefore=&#8220;indentbefore-xs&#8220; indentafter=&#8220;indentafter-xs&#8220; bgcolor=&#8220;&#8220; module_effect=&#8220;effect-fadein&#8220; image=&#8220;26&#8243; domid=&#8220;climatepartner&#8220;]\r\n<p class=\"paragraph\"><span class=\"font-weight-l\">\u201eF\u00fcr eine hochwertige Sanierung braucht es ein eingespieltes Team. Mit Sto als Partner k\u00f6nnen wir unseren Kundinnen und Kunden L\u00f6sungen bieten, die nicht nur technisch \u00fcberzeugen, sondern auch langfristig funktionieren.\u201c<br class=\"linebreak\" \/><br class=\"linebreak\" \/><br class=\"linebreak\" \/><\/span><\/p>\r\nJohannes Wehrle, Sto Klimapartner,\r\nWilli Wehrle Gipser- und Stukkateurgesch\u00e4ft e. K.\r\n\r\n[\/module_freetext_image_basic][\/vc_column][\/vc_row][vc_row][vc_column][module_free_text spacebefore=&#8220;spacebefore-xl&#8220; spaceafter=&#8220;spaceafter-xs&#8220; indentbefore=&#8220;indentbefore-xs&#8220; indentafter=&#8220;indentafter-xs&#8220; bgcolor=&#8220;bg-color-gray&#8220; moduleeffect=&#8220;effect-fadein&#8220; domid=&#8220;faq&#8220;]\r\n<h2><span class=\"font-family-arial font-weight-l font-size-xl\">H\u00e4ufig gestellte Fragen:<\/span><\/h2>\r\n[\/module_free_text][\/vc_column][\/vc_row][vc_row][vc_column][module_accordion trigger_titel_styling=&#8220;true&#8220; trigger_titel_font_size=&#8220;font-size-l&#8220; trigger_titel_font_weight=&#8220;font-weight-l&#8220; trigger_titel_font_color=&#8220;font-color-dark&#8220; slide_into_view=&#8220;true&#8220; is_first=&#8220;true&#8220; spacebefore=&#8220;spacebefore-xs&#8220; spaceafter=&#8220;spaceafter-none&#8220; indentbefore=&#8220;indentbefore-xs&#8220; indentafter=&#8220;indentafter-m&#8220; bgcolor=&#8220;bg-color-gray&#8220; module_effect=&#8220;effect-fadein&#8220; accordion_group=&#8220;1&#8243; trigger_titel=&#8220;Was zeichnet einen Sto Klimapartner aus?&#8220;]\r\n<p class=\"paragraph\">Die Komplexit\u00e4t einer energetischen Sanierung ist nicht zu untersch\u00e4tzen \u2013 vom erhofften Energiespareffekt bis zum langfristigen Erhalt und Schutz der Bausubstanz. Deshalb sind auf die Sanierung von Ein- und Zweifamilienh\u00e4usern spezialisierte Fachhandwerker, sogenannte Sto Klimapartner, die richtigen Ansprechpartner. Sie bringen f\u00fcr die Anforderungen \u00fcberdurchschnittliches technisches Know-how mit, kennen die aktuellen Vorschriften und k\u00f6nnen zu F\u00f6rderm\u00f6glichkeiten informieren, von denen Hauseigent\u00fcmer bei einer nachhaltigen D\u00e4mmung profitieren.<\/p>\r\n<p class=\"paragraph\">Ein weiterer Vorteil des Programms ist das breite Netzwerk. Auf diese Weise profitieren Hauseigent\u00fcmer von direkten Kontakten zu qualifizierten Energieberatern sowie weiteren Fachbetrieben, die f\u00fcr eine erfolgreiche Sanierung erforderlich werden. Sie begleiten Hausbesitzer von der Ist-Analyse \u00fcber die Beratung und Planung bis zur fachgerechten Umsetzung. Die enge Abstimmung zwischen den beteiligten Gewerken sorgt f\u00fcr einen reibungslosen Ablauf und hochwertige Ergebnisse. Egal, ob Teilsanierung oder umfassende energetische Modernisierung \u2013 die Experten gehen gezielt auf die Bed\u00fcrfnisse jedes Projekts ein.<\/p>\r\n[\/module_accordion][\/vc_column][\/vc_row][vc_row][vc_column][module_accordion trigger_titel_styling=&#8220;true&#8220; trigger_titel_font_size=&#8220;font-size-l&#8220; trigger_titel_font_weight=&#8220;font-weight-l&#8220; trigger_titel_font_color=&#8220;font-color-dark&#8220; slide_into_view=&#8220;true&#8220; spacebefore=&#8220;spacebefore-none&#8220; spaceafter=&#8220;spaceafter-none&#8220; indentbefore=&#8220;indentbefore-xs&#8220; indentafter=&#8220;indentafter-m&#8220; bgcolor=&#8220;bg-color-gray&#8220; module_effect=&#8220;effect-fadein&#8220; accordion_group=&#8220;1&#8243; trigger_titel=&#8220;Was passiert nach der Formularausf\u00fcllung?&#8220;]\r\n<p class=\"paragraph\">Nach sorgf\u00e4ltig Pr\u00fcfung ihres Anliegens leiten wir Ihre Anfrage an den passenden Klimapartner in Ihrer Region weiter. Dieser wird sich nach Sichtung umgehend mit Ihnen in Verbindung setzen. Oft ist ein Vorort Termin der erste wichtige Schritt bei der energetischen Sanierung oder der Fassadeninstandsetzung.<\/p>\r\n[\/module_accordion][\/vc_column][\/vc_row][vc_row][vc_column][module_accordion trigger_titel_styling=&#8220;true&#8220; trigger_titel_font_size=&#8220;font-size-l&#8220; trigger_titel_font_weight=&#8220;font-weight-l&#8220; trigger_titel_font_color=&#8220;font-color-dark&#8220; slide_into_view=&#8220;true&#8220; is_last=&#8220;true&#8220; spacebefore=&#8220;spacebefore-none&#8220; spaceafter=&#8220;spaceafter-xl&#8220; indentbefore=&#8220;indentbefore-xs&#8220; indentafter=&#8220;indentafter-m&#8220; bgcolor=&#8220;bg-color-gray&#8220; module_effect=&#8220;effect-fadein&#8220; accordion_group=&#8220;1&#8243; trigger_titel=&#8220;Lohnt sich eine energetische Sanierung \u00fcberhaupt?&#8220;]\r\n<p class=\"paragraph\">Eine fachgerecht durchgef\u00fchrte energetische Sanierung erh\u00f6ht nicht nur den Wohnkomfort, sondern steigert perspektivisch auch den Marktwert der Immobilie. Parallel sind Einsparungspotentiale von bis 40% der Heizkostendenkbar, machen Sie sich unabh\u00e4ngig von steigenden Energiekosten. Dabei sin Sto Klimapartner die bestm\u00f6glichste Wahl: Diese arbeiten mit modernsten digitalen Tools, um bereits vor der Sanierung verschiedene Gestaltungsoptionen und Farbvarianten zu simulieren. Hauseigent\u00fcmer erhalten somit einen realistischen Eindruck davon, wie die Fassade nach der Sanierung aussehen wird. Ebenso erfolgt die Fl\u00e4chenermittlung der Fassade schnell und kosteneffizient \u00fcber die App.<\/p>\r\n[\/module_accordion][\/vc_column][\/vc_row]<\/div>","protected":false},"excerpt":{"rendered":"[vc_row][vc_column][module_image_overlay image_ratio=&#8220;custom_21x9&#8243; overlay_order=&#8220;overlay-left&#8220; overlaycolor=&#8220;bright&#8220; spacebefore=&#8220;spacebefore-none&#8220; spaceafter=&#8220;spaceafter-none&#8220; indentbefore=&#8220;indentbefore-none&#8220; indentafter=&#8220;indentafter-none&#8220; bgcolor=&#8220;&#8220; module_effect=&#8220;effect-fadein&#8220; image=&#8220;24&#8243;] Ihr zentraler Ansprechpartner f\u00fcr energetische Sanierung: Ihr regionaler Klimapartner [\/module_image_overlay][\/vc_column][\/vc_row][vc_row][vc_column][module_formsshortcode short_code=&#8220;`{`wpforms id=&#8222;68&#8222;`}`&#8220; form_width=&#8220;width-100&#8243; spacebefore=&#8220;spacebefore-xs&#8220; spaceafter=&#8220;spaceafter-xl&#8220; indentbefore=&#8220;indentbefore-xs&#8220; indentafter=&#8220;indentafter-xs&#8220; bgcolor=&#8220;bg-color-gray&#8220; module_effect=&#8220;effect-fadein&#8220; domid=&#8220;request&#8220;][\/vc_column][\/vc_row][vc_row][vc_column][module_freetext_image_basic column_order=&#8220;text-order-right&#8220; space_between_cols=&#8220;s&#8220; image_ratio=&#8220;custom_1x1&#8243; image_width=&#8220;s&#8220; image_tint=&#8220;&#8220; spacebefore=&#8220;spacebefore-2xl&#8220; spaceafter=&#8220;spaceafter-2xl&#8220; indentbefore=&#8220;indentbefore-xs&#8220; indentafter=&#8220;indentafter-xs&#8220; bgcolor=&#8220;&#8220; module_effect=&#8220;effect-fadein&#8220; image=&#8220;23&#8243; domid=&#8220;successstories&#8220;] \u201eSeit der Sanierung ist unser Zuhause kaum wiederzuerkennen. Die Temperaturen sind [&hellip;]","protected":false},"author":1,"featured_media":0,"parent":0,"menu_order":0,"comment_status":"closed","ping_status":"closed","template":"","meta":{"_acf_changed":false,"inline_featured_image":false,"footnotes":""},"class_list":["post-21","page","type-page","status-publish","hentry"],"acf":[],"_links":{"self":[{"href":"https:\/\/kontakt.wertsache-zukunft.de\/index.php\/wp-json\/wp\/v2\/pages\/21","targetHints":{"allow":["GET"]}}],"collection":[{"href":"https:\/\/kontakt.wertsache-zukunft.de\/index.php\/wp-json\/wp\/v2\/pages"}],"about":[{"href":"https:\/\/kontakt.wertsache-zukunft.de\/index.php\/wp-json\/wp\/v2\/types\/page"}],"author":[{"embeddable":true,"href":"https:\/\/kontakt.wertsache-zukunft.de\/index.php\/wp-json\/wp\/v2\/users\/1"}],"replies":[{"embeddable":true,"href":"https:\/\/kontakt.wertsache-zukunft.de\/index.php\/wp-json\/wp\/v2\/comments?post=21"}],"version-history":[{"count":45,"href":"https:\/\/kontakt.wertsache-zukunft.de\/index.php\/wp-json\/wp\/v2\/pages\/21\/revisions"}],"predecessor-version":[{"id":131,"href":"https:\/\/kontakt.wertsache-zukunft.de\/index.php\/wp-json\/wp\/v2\/pages\/21\/revisions\/131"}],"wp:attachment":[{"href":"https:\/\/kontakt.wertsache-zukunft.de\/index.php\/wp-json\/wp\/v2\/media?parent=21"}],"curies":[{"name":"wp","href":"https:\/\/api.w.org\/{rel}","templated":true}]}}